{"id":347,"date":"2026-04-16T20:22:07","date_gmt":"2026-04-16T20:22:07","guid":{"rendered":"https:\/\/importacionesalice.com\/?post_type=product&#038;p=347"},"modified":"2026-04-16T20:23:10","modified_gmt":"2026-04-16T20:23:10","slug":"camara-de-vigilancia-full-hd-720p-marca-jortan","status":"publish","type":"product","link":"https:\/\/importacionesalice.com\/index.php\/product\/camara-de-vigilancia-full-hd-720p-marca-jortan\/","title":{"rendered":"C\u00e1mara de vigilancia full HD 720p (MARCA JORTAN)"},"content":{"rendered":"<p>C\u00e1mara de vigilancia full HD 720p (MARCA JORTAN)<\/p>\n<p>&#x2705; DESCRIPCI\u00d3N<br \/>\n&#8211; Gira 360\u00b0 manipulable con controles en la aplicaci\u00f3n)<br \/>\n&#8211; C\u00e1mara impermeable: IP66 (resistente a la lluvia), instalaci\u00f3n flexible y conveniente<br \/>\n&#8211; Conexi\u00f3n: red inal\u00e1mbrica Wifi<br \/>\n&#8211; C\u00e1mara: a todo color, con luz infrarroja, modo de alarma inteligente y detector de movimiento<br \/>\n&#8211; Voz: bidireccional<br \/>\n&#8211; Caracter\u00edstica: Tecnolog\u00eda de comprensi\u00f3n de video  H.264, calidad de alta definici\u00f3n<br \/>\n&#8211; Soporte: de monitoreo de tel\u00e9fonos m\u00f3viles (Android y iOS)<br \/>\n&#8211; Almacenamiento: de Memoria SD de hasta 128 gb<br \/>\n&#8211; Consumo: de energ\u00eda 3W (M\u00e1ximo)<br \/>\n&#8211; Soporta: 40MHz<br \/>\n&#8211; Permite: compartir a otros miembros de la familia con acceso a la c\u00e1mara en tiempo real<br \/>\n&#8211; Incluye: Implementos\u00a0de\u00a0instalaci\u00f3n<br \/>\n&#8211; \u2060Presentaci\u00f3n: caja de color<\/p>\n","protected":false},"excerpt":{"rendered":"<p>C\u00e1mara de vigilancia full HD 720p (MARCA JORTAN) &#x2705; DESCRIPCI\u00d3N &#8211; Gira 360\u00b0 manipulable con controles en la aplicaci\u00f3n) &#8211; [&hellip;]<\/p>\n","protected":false},"featured_media":375,"comment_status":"closed","ping_status":"closed","template":"","meta":{"site-sidebar-layout":"default","site-content-layout":"","ast-site-content-layout":"default","site-content-style":"default","site-sidebar-style":"default","ast-global-header-display":"","ast-banner-title-visibility":"","ast-main-header-display":"","ast-hfb-above-header-display":"","ast-hfb-below-header-display":"","ast-hfb-mobile-header-display":"","site-post-title":"","ast-breadcrumbs-content":"","ast-featured-img":"","footer-sml-layout":"","ast-disable-related-posts":"","theme-transparent-header-meta":"","adv-header-id-meta":"","stick-header-meta":"","header-above-stick-meta":"","header-main-stick-meta":"","header-below-stick-meta":"","astra-migrate-meta-layouts":"default","ast-page-background-enabled":"default","ast-page-background-meta":{"desktop":{"background-color":"var(--ast-global-color-5)","background-image":"","background-repeat":"repeat","background-position":"center center","background-size":"auto","background-attachment":"scroll","background-type":"","background-media":"","overlay-type":"","overlay-color":"","overlay-opacity":"","overlay-gradient":""},"tablet":{"background-color":"","background-image":"","background-repeat":"repeat","background-position":"center center","background-size":"auto","background-attachment":"scroll","background-type":"","background-media":"","overlay-type":"","overlay-color":"","overlay-opacity":"","overlay-gradient":""},"mobile":{"background-color":"","background-image":"","background-repeat":"repeat","background-position":"center center","background-size":"auto","background-attachment":"scroll","background-type":"","background-media":"","overlay-type":"","overlay-color":"","overlay-opacity":"","overlay-gradient":""}},"ast-content-background-meta":{"desktop":{"background-color":"var(--ast-global-color-4)","background-image":"","background-repeat":"repeat","background-position":"center center","background-size":"auto","background-attachment":"scroll","background-type":"","background-media":"","overlay-type":"","overlay-color":"","overlay-opacity":"","overlay-gradient":""},"tablet":{"background-color":"var(--ast-global-color-4)","background-image":"","background-repeat":"repeat","background-position":"center center","background-size":"auto","background-attachment":"scroll","background-type":"","background-media":"","overlay-type":"","overlay-color":"","overlay-opacity":"","overlay-gradient":""},"mobile":{"background-color":"var(--ast-global-color-4)","background-image":"","background-repeat":"repeat","background-position":"center center","background-size":"auto","background-attachment":"scroll","background-type":"","background-media":"","overlay-type":"","overlay-color":"","overlay-opacity":"","overlay-gradient":""}}},"product_brand":[],"product_cat":[17],"product_tag":[],"class_list":{"0":"post-347","1":"product","2":"type-product","3":"status-publish","4":"has-post-thumbnail","6":"product_cat-hogar","7":"desktop-align-left","8":"tablet-align-left","9":"mobile-align-left","11":"first","12":"instock","13":"shipping-taxable","14":"purchasable","15":"product-type-simple"},"_links":{"self":[{"href":"https:\/\/importacionesalice.com\/index.php\/wp-json\/wp\/v2\/product\/347","targetHints":{"allow":["GET"]}}],"collection":[{"href":"https:\/\/importacionesalice.com\/index.php\/wp-json\/wp\/v2\/product"}],"about":[{"href":"https:\/\/importacionesalice.com\/index.php\/wp-json\/wp\/v2\/types\/product"}],"replies":[{"embeddable":true,"href":"https:\/\/importacionesalice.com\/index.php\/wp-json\/wp\/v2\/comments?post=347"}],"wp:featuredmedia":[{"embeddable":true,"href":"https:\/\/importacionesalice.com\/index.php\/wp-json\/wp\/v2\/media\/375"}],"wp:attachment":[{"href":"https:\/\/importacionesalice.com\/index.php\/wp-json\/wp\/v2\/media?parent=347"}],"wp:term":[{"taxonomy":"product_brand","embeddable":true,"href":"https:\/\/importacionesalice.com\/index.php\/wp-json\/wp\/v2\/product_brand?post=347"},{"taxonomy":"product_cat","embeddable":true,"href":"https:\/\/importacionesalice.com\/index.php\/wp-json\/wp\/v2\/product_cat?post=347"},{"taxonomy":"product_tag","embeddable":true,"href":"https:\/\/importacionesalice.com\/index.php\/wp-json\/wp\/v2\/product_tag?post=347"}],"curies":[{"name":"wp","href":"https:\/\/api.w.org\/{rel}","templated":true}]}}