{"id":325,"date":"2026-04-16T20:21:42","date_gmt":"2026-04-16T20:21:42","guid":{"rendered":"https:\/\/importacionesalice.com\/?post_type=product&#038;p=325"},"modified":"2026-04-16T20:22:28","modified_gmt":"2026-04-16T20:22:28","slug":"carrito-organizador-de-4-niveles","status":"publish","type":"product","link":"https:\/\/importacionesalice.com\/index.php\/product\/carrito-organizador-de-4-niveles\/","title":{"rendered":"CARRITO ORGANIZADOR DE 4 NIVELES"},"content":{"rendered":"<p>CARRITO ORGANIZADOR DE 4 NIVELES&#x1f51d;<\/p>\n<p>&#x2705; Mant\u00e9n tu hogar u oficina siempre ordenados con este carrito organizador de 4 niveles, pr\u00e1ctico, resistente y f\u00e1cil de mover.<br \/>\n&#x2705; Perfecto para cocina, ba\u00f1o, oficina, lavander\u00eda o dormitorio.&#x1f3e0;<br \/>\n&#x2705; Fabricado con pl\u00e1stico (niveles) y acero (varillas), combina durabilidad y estilo urbano industrial.<br \/>\n&#x2705; Sus 4 compartimentos te permitir\u00e1n organizar tus pertenencias de manera eficiente.<br \/>\n&#x2705; Estructura resistente y duradera<br \/>\n&#x2705; Incluye: 4 ruedas giratorias<br \/>\n&#x2705; 4 repisas amplias para m\u00e1ximo almacenamiento.<br \/>\n&#x2705; Colores: Negro y Blanco.<\/p>\n<p>&#x1f4b8; Precio:  S\/ 22.00<\/p>\n","protected":false},"excerpt":{"rendered":"<p>CARRITO ORGANIZADOR DE 4 NIVELES&#x1f51d; &#x2705; Mant\u00e9n tu hogar u oficina siempre ordenados con este carrito organizador de 4 niveles, [&hellip;]<\/p>\n","protected":false},"featured_media":362,"comment_status":"closed","ping_status":"closed","template":"","meta":{"site-sidebar-layout":"default","site-content-layout":"","ast-site-content-layout":"default","site-content-style":"default","site-sidebar-style":"default","ast-global-header-display":"","ast-banner-title-visibility":"","ast-main-header-display":"","ast-hfb-above-header-display":"","ast-hfb-below-header-display":"","ast-hfb-mobile-header-display":"","site-post-title":"","ast-breadcrumbs-content":"","ast-featured-img":"","footer-sml-layout":"","ast-disable-related-posts":"","theme-transparent-header-meta":"","adv-header-id-meta":"","stick-header-meta":"","header-above-stick-meta":"","header-main-stick-meta":"","header-below-stick-meta":"","astra-migrate-meta-layouts":"default","ast-page-background-enabled":"default","ast-page-background-meta":{"desktop":{"background-color":"var(--ast-global-color-5)","background-image":"","background-repeat":"repeat","background-position":"center center","background-size":"auto","background-attachment":"scroll","background-type":"","background-media":"","overlay-type":"","overlay-color":"","overlay-opacity":"","overlay-gradient":""},"tablet":{"background-color":"","background-image":"","background-repeat":"repeat","background-position":"center center","background-size":"auto","background-attachment":"scroll","background-type":"","background-media":"","overlay-type":"","overlay-color":"","overlay-opacity":"","overlay-gradient":""},"mobile":{"background-color":"","background-image":"","background-repeat":"repeat","background-position":"center center","background-size":"auto","background-attachment":"scroll","background-type":"","background-media":"","overlay-type":"","overlay-color":"","overlay-opacity":"","overlay-gradient":""}},"ast-content-background-meta":{"desktop":{"background-color":"var(--ast-global-color-4)","background-image":"","background-repeat":"repeat","background-position":"center center","background-size":"auto","background-attachment":"scroll","background-type":"","background-media":"","overlay-type":"","overlay-color":"","overlay-opacity":"","overlay-gradient":""},"tablet":{"background-color":"var(--ast-global-color-4)","background-image":"","background-repeat":"repeat","background-position":"center center","background-size":"auto","background-attachment":"scroll","background-type":"","background-media":"","overlay-type":"","overlay-color":"","overlay-opacity":"","overlay-gradient":""},"mobile":{"background-color":"var(--ast-global-color-4)","background-image":"","background-repeat":"repeat","background-position":"center center","background-size":"auto","background-attachment":"scroll","background-type":"","background-media":"","overlay-type":"","overlay-color":"","overlay-opacity":"","overlay-gradient":""}}},"product_brand":[],"product_cat":[23],"product_tag":[],"class_list":{"0":"post-325","1":"product","2":"type-product","3":"status-publish","4":"has-post-thumbnail","6":"product_cat-cocina","7":"desktop-align-left","8":"tablet-align-left","9":"mobile-align-left","11":"first","12":"instock","13":"shipping-taxable","14":"purchasable","15":"product-type-simple"},"_links":{"self":[{"href":"https:\/\/importacionesalice.com\/index.php\/wp-json\/wp\/v2\/product\/325","targetHints":{"allow":["GET"]}}],"collection":[{"href":"https:\/\/importacionesalice.com\/index.php\/wp-json\/wp\/v2\/product"}],"about":[{"href":"https:\/\/importacionesalice.com\/index.php\/wp-json\/wp\/v2\/types\/product"}],"replies":[{"embeddable":true,"href":"https:\/\/importacionesalice.com\/index.php\/wp-json\/wp\/v2\/comments?post=325"}],"wp:featuredmedia":[{"embeddable":true,"href":"https:\/\/importacionesalice.com\/index.php\/wp-json\/wp\/v2\/media\/362"}],"wp:attachment":[{"href":"https:\/\/importacionesalice.com\/index.php\/wp-json\/wp\/v2\/media?parent=325"}],"wp:term":[{"taxonomy":"product_brand","embeddable":true,"href":"https:\/\/importacionesalice.com\/index.php\/wp-json\/wp\/v2\/product_brand?post=325"},{"taxonomy":"product_cat","embeddable":true,"href":"https:\/\/importacionesalice.com\/index.php\/wp-json\/wp\/v2\/product_cat?post=325"},{"taxonomy":"product_tag","embeddable":true,"href":"https:\/\/importacionesalice.com\/index.php\/wp-json\/wp\/v2\/product_tag?post=325"}],"curies":[{"name":"wp","href":"https:\/\/api.w.org\/{rel}","templated":true}]}}