{"id":323,"date":"2026-04-16T20:21:42","date_gmt":"2026-04-16T20:21:42","guid":{"rendered":"https:\/\/importacionesalice.com\/?post_type=product&#038;p=323"},"modified":"2026-04-16T20:22:25","modified_gmt":"2026-04-16T20:22:25","slug":"rascador-de-carton-redondo-para-gatos-45-centimetros","status":"publish","type":"product","link":"https:\/\/importacionesalice.com\/index.php\/product\/rascador-de-carton-redondo-para-gatos-45-centimetros\/","title":{"rendered":"RASCADOR DE CART\u00d3N REDONDO PARA GATOS 45 centimetros"},"content":{"rendered":"<p>&#x1f431;RASCADOR DE CART\u00d3N REDONDO PARA GATOS &#x1f408;&#x200d;&#x2b1b; &#x1f408; <\/p>\n<p>&#x2705;Est\u00e1 dise\u00f1ado para que los gatos afilen sus garras y se estiren, lo que ayuda a prevenir que da\u00f1en muebles y otros objetos del hogar.<br \/>\n&#x2705;El material es cart\u00f3n corrugado de alta densidad, lo que lo hace duradero y resistente al desgaste.<br \/>\n&#x2705;Adem\u00e1s de ser un rascador, su forma de cuenco o cama redonda tambi\u00e9n sirve como un lugar c\u00f3modo para que el gato descanse o duerma.<br \/>\n&#x2705;Este tipo de rascador contribuye a que el gato libere estr\u00e9s y se mantenga activo.<br \/>\n&#x2705;Medida 45 cm <\/p>\n<p>&#x1f4b8; Precio: S\/10.00<\/p>\n","protected":false},"excerpt":{"rendered":"<p>&#x1f431;RASCADOR DE CART\u00d3N REDONDO PARA GATOS &#x1f408;&#x200d;&#x2b1b; &#x1f408; &#x2705;Est\u00e1 dise\u00f1ado para que los gatos afilen sus garras y se estiren, [&hellip;]<\/p>\n","protected":false},"featured_media":360,"comment_status":"closed","ping_status":"closed","template":"","meta":{"site-sidebar-layout":"default","site-content-layout":"","ast-site-content-layout":"default","site-content-style":"default","site-sidebar-style":"default","ast-global-header-display":"","ast-banner-title-visibility":"","ast-main-header-display":"","ast-hfb-above-header-display":"","ast-hfb-below-header-display":"","ast-hfb-mobile-header-display":"","site-post-title":"","ast-breadcrumbs-content":"","ast-featured-img":"","footer-sml-layout":"","ast-disable-related-posts":"","theme-transparent-header-meta":"","adv-header-id-meta":"","stick-header-meta":"","header-above-stick-meta":"","header-main-stick-meta":"","header-below-stick-meta":"","astra-migrate-meta-layouts":"default","ast-page-background-enabled":"default","ast-page-background-meta":{"desktop":{"background-color":"var(--ast-global-color-5)","background-image":"","background-repeat":"repeat","background-position":"center center","background-size":"auto","background-attachment":"scroll","background-type":"","background-media":"","overlay-type":"","overlay-color":"","overlay-opacity":"","overlay-gradient":""},"tablet":{"background-color":"","background-image":"","background-repeat":"repeat","background-position":"center center","background-size":"auto","background-attachment":"scroll","background-type":"","background-media":"","overlay-type":"","overlay-color":"","overlay-opacity":"","overlay-gradient":""},"mobile":{"background-color":"","background-image":"","background-repeat":"repeat","background-position":"center center","background-size":"auto","background-attachment":"scroll","background-type":"","background-media":"","overlay-type":"","overlay-color":"","overlay-opacity":"","overlay-gradient":""}},"ast-content-background-meta":{"desktop":{"background-color":"var(--ast-global-color-4)","background-image":"","background-repeat":"repeat","background-position":"center center","background-size":"auto","background-attachment":"scroll","background-type":"","background-media":"","overlay-type":"","overlay-color":"","overlay-opacity":"","overlay-gradient":""},"tablet":{"background-color":"var(--ast-global-color-4)","background-image":"","background-repeat":"repeat","background-position":"center center","background-size":"auto","background-attachment":"scroll","background-type":"","background-media":"","overlay-type":"","overlay-color":"","overlay-opacity":"","overlay-gradient":""},"mobile":{"background-color":"var(--ast-global-color-4)","background-image":"","background-repeat":"repeat","background-position":"center center","background-size":"auto","background-attachment":"scroll","background-type":"","background-media":"","overlay-type":"","overlay-color":"","overlay-opacity":"","overlay-gradient":""}}},"product_brand":[],"product_cat":[27],"product_tag":[],"class_list":{"0":"post-323","1":"product","2":"type-product","3":"status-publish","4":"has-post-thumbnail","6":"product_cat-mascotas","7":"desktop-align-left","8":"tablet-align-left","9":"mobile-align-left","11":"first","12":"instock","13":"shipping-taxable","14":"purchasable","15":"product-type-simple"},"_links":{"self":[{"href":"https:\/\/importacionesalice.com\/index.php\/wp-json\/wp\/v2\/product\/323","targetHints":{"allow":["GET"]}}],"collection":[{"href":"https:\/\/importacionesalice.com\/index.php\/wp-json\/wp\/v2\/product"}],"about":[{"href":"https:\/\/importacionesalice.com\/index.php\/wp-json\/wp\/v2\/types\/product"}],"replies":[{"embeddable":true,"href":"https:\/\/importacionesalice.com\/index.php\/wp-json\/wp\/v2\/comments?post=323"}],"wp:featuredmedia":[{"embeddable":true,"href":"https:\/\/importacionesalice.com\/index.php\/wp-json\/wp\/v2\/media\/360"}],"wp:attachment":[{"href":"https:\/\/importacionesalice.com\/index.php\/wp-json\/wp\/v2\/media?parent=323"}],"wp:term":[{"taxonomy":"product_brand","embeddable":true,"href":"https:\/\/importacionesalice.com\/index.php\/wp-json\/wp\/v2\/product_brand?post=323"},{"taxonomy":"product_cat","embeddable":true,"href":"https:\/\/importacionesalice.com\/index.php\/wp-json\/wp\/v2\/product_cat?post=323"},{"taxonomy":"product_tag","embeddable":true,"href":"https:\/\/importacionesalice.com\/index.php\/wp-json\/wp\/v2\/product_tag?post=323"}],"curies":[{"name":"wp","href":"https:\/\/api.w.org\/{rel}","templated":true}]}}