{"id":250,"date":"2026-04-16T20:20:28","date_gmt":"2026-04-16T20:20:28","guid":{"rendered":"https:\/\/importacionesalice.com\/?post_type=product&#038;p=250"},"modified":"2026-04-16T20:21:08","modified_gmt":"2026-04-16T20:21:08","slug":"limador-de-unas-para-bebe-rosado","status":"publish","type":"product","link":"https:\/\/importacionesalice.com\/index.php\/product\/limador-de-unas-para-bebe-rosado\/","title":{"rendered":"Limador de u\u00f1as para bebe rosado"},"content":{"rendered":"<p>&#x1f476;&#x1f3fb; LIMADOR DE U\u00d1AS PARA BEBE &#x1f476;&#x1f3fb;<\/p>\n<p>&#x2705;Cuida las u\u00f1as de tu beb\u00e9 de forma segura, suave y sin dolor. Dise\u00f1ada para evitar cortes o accidentes al momento de cortar las u\u00f1as de tu beb\u00e9.<br \/>\n&#x2705;Modelo a pilas AA(NO INCLUYE)<br \/>\n&#x2705;6 cabezales diferentes.<br \/>\n&#x2705;Con linterna.<\/p>\n<p>&#x1f4b8; Precio unidad: 10.50<br \/>\n&#x1f4b8; Min 3 unidad: 10.00<\/p>\n<p><img fetchpriority=\"high\" decoding=\"async\" class=\"alignnone size-medium wp-image-94671\" src=\"https:\/\/sheenimport.com\/wp-content\/uploads\/2026\/03\/Screenshot_17-1-298x300.png\" alt=\"\" width=\"298\" height=\"300\" \/><\/p>\n","protected":false},"excerpt":{"rendered":"<p>&#x1f476;&#x1f3fb; LIMADOR DE U\u00d1AS PARA BEBE &#x1f476;&#x1f3fb; &#x2705;Cuida las u\u00f1as de tu beb\u00e9 de forma segura, suave y sin dolor. [&hellip;]<\/p>\n","protected":false},"featured_media":292,"comment_status":"closed","ping_status":"closed","template":"","meta":{"site-sidebar-layout":"default","site-content-layout":"","ast-site-content-layout":"default","site-content-style":"default","site-sidebar-style":"default","ast-global-header-display":"","ast-banner-title-visibility":"","ast-main-header-display":"","ast-hfb-above-header-display":"","ast-hfb-below-header-display":"","ast-hfb-mobile-header-display":"","site-post-title":"","ast-breadcrumbs-content":"","ast-featured-img":"","footer-sml-layout":"","ast-disable-related-posts":"","theme-transparent-header-meta":"","adv-header-id-meta":"","stick-header-meta":"","header-above-stick-meta":"","header-main-stick-meta":"","header-below-stick-meta":"","astra-migrate-meta-layouts":"default","ast-page-background-enabled":"default","ast-page-background-meta":{"desktop":{"background-color":"var(--ast-global-color-5)","background-image":"","background-repeat":"repeat","background-position":"center center","background-size":"auto","background-attachment":"scroll","background-type":"","background-media":"","overlay-type":"","overlay-color":"","overlay-opacity":"","overlay-gradient":""},"tablet":{"background-color":"","background-image":"","background-repeat":"repeat","background-position":"center center","background-size":"auto","background-attachment":"scroll","background-type":"","background-media":"","overlay-type":"","overlay-color":"","overlay-opacity":"","overlay-gradient":""},"mobile":{"background-color":"","background-image":"","background-repeat":"repeat","background-position":"center center","background-size":"auto","background-attachment":"scroll","background-type":"","background-media":"","overlay-type":"","overlay-color":"","overlay-opacity":"","overlay-gradient":""}},"ast-content-background-meta":{"desktop":{"background-color":"var(--ast-global-color-4)","background-image":"","background-repeat":"repeat","background-position":"center center","background-size":"auto","background-attachment":"scroll","background-type":"","background-media":"","overlay-type":"","overlay-color":"","overlay-opacity":"","overlay-gradient":""},"tablet":{"background-color":"var(--ast-global-color-4)","background-image":"","background-repeat":"repeat","background-position":"center center","background-size":"auto","background-attachment":"scroll","background-type":"","background-media":"","overlay-type":"","overlay-color":"","overlay-opacity":"","overlay-gradient":""},"mobile":{"background-color":"var(--ast-global-color-4)","background-image":"","background-repeat":"repeat","background-position":"center center","background-size":"auto","background-attachment":"scroll","background-type":"","background-media":"","overlay-type":"","overlay-color":"","overlay-opacity":"","overlay-gradient":""}}},"product_brand":[],"product_cat":[20],"product_tag":[],"class_list":{"0":"post-250","1":"product","2":"type-product","3":"status-publish","4":"has-post-thumbnail","6":"product_cat-kids","7":"desktop-align-left","8":"tablet-align-left","9":"mobile-align-left","11":"first","12":"instock","13":"shipping-taxable","14":"purchasable","15":"product-type-simple"},"_links":{"self":[{"href":"https:\/\/importacionesalice.com\/index.php\/wp-json\/wp\/v2\/product\/250","targetHints":{"allow":["GET"]}}],"collection":[{"href":"https:\/\/importacionesalice.com\/index.php\/wp-json\/wp\/v2\/product"}],"about":[{"href":"https:\/\/importacionesalice.com\/index.php\/wp-json\/wp\/v2\/types\/product"}],"replies":[{"embeddable":true,"href":"https:\/\/importacionesalice.com\/index.php\/wp-json\/wp\/v2\/comments?post=250"}],"wp:featuredmedia":[{"embeddable":true,"href":"https:\/\/importacionesalice.com\/index.php\/wp-json\/wp\/v2\/media\/292"}],"wp:attachment":[{"href":"https:\/\/importacionesalice.com\/index.php\/wp-json\/wp\/v2\/media?parent=250"}],"wp:term":[{"taxonomy":"product_brand","embeddable":true,"href":"https:\/\/importacionesalice.com\/index.php\/wp-json\/wp\/v2\/product_brand?post=250"},{"taxonomy":"product_cat","embeddable":true,"href":"https:\/\/importacionesalice.com\/index.php\/wp-json\/wp\/v2\/product_cat?post=250"},{"taxonomy":"product_tag","embeddable":true,"href":"https:\/\/importacionesalice.com\/index.php\/wp-json\/wp\/v2\/product_tag?post=250"}],"curies":[{"name":"wp","href":"https:\/\/api.w.org\/{rel}","templated":true}]}}