{"id":249,"date":"2026-04-16T20:20:28","date_gmt":"2026-04-16T20:20:28","guid":{"rendered":"https:\/\/importacionesalice.com\/?post_type=product&#038;p=249"},"modified":"2026-04-16T20:21:06","modified_gmt":"2026-04-16T20:21:06","slug":"lipocream-500-grs","status":"publish","type":"product","link":"https:\/\/importacionesalice.com\/index.php\/product\/lipocream-500-grs\/","title":{"rendered":"Lipocream 500 grs"},"content":{"rendered":"<p>LIPOCREAM 500 GRS &#x1f49b; &#x1f49a; &#x1f499; &#x2764;&#xfe0f;<\/p>\n<p>&#x2705; Colores: 4 (amarillo, celeste, rojo y verde)<br \/>\n&#x2705; Capacidad \/ medidas: 500 grs<br \/>\n&#x2705; Material: crema reductora<br \/>\n&#x2705; Presentaci\u00f3n: en frasco<\/p>\n<p>&#x1f49b; LIPOCREAM REDUCTORA CORPORAL<br \/>\nCrema caliente para reducci\u00f3n de medidas de 500 gr. Contienen fosfatidilcolina un quemador de grasa.<\/p>\n<p>&#x1f49a; LIPOCREAM REDUCTORA TERMO HIDRATANTE<br \/>\nVerde es una crema reductora termo hidratante para la piel. Ayuda a revitalizar y reafirmar la piel.<\/p>\n<p>&#x1f499; LIPOCREAM REAFIRMANTE<br \/>\nCeleste es una crema reafirmante que por la sinergia de sus ingredientes tiene acci\u00f3n tonificadora, adem\u00e1s que hidrata la piel dej\u00e1ndola suave y tersa.<\/p>\n<p>&#x2764;&#xfe0f; LIPOCREAM CALIENTE THERMOGENESIS<br \/>\nEs una crema caliente con efecto thermogenesis el cual genera calor en el organismo para facilitar la quema de grasa localizada. Efecto potente y generalizado para todo el cuerpo a excepci\u00f3n del rostro.<\/p>\n<p>&#x1f4b8; Precio unidad: 7.50<br \/>\n&#x1f4b8; Min 3 unidad : 7.00<\/p>\n","protected":false},"excerpt":{"rendered":"<p>LIPOCREAM 500 GRS &#x1f49b; &#x1f49a; &#x1f499; &#x2764;&#xfe0f; &#x2705; Colores: 4 (amarillo, celeste, rojo y verde) &#x2705; Capacidad \/ medidas: 500 [&hellip;]<\/p>\n","protected":false},"featured_media":291,"comment_status":"closed","ping_status":"closed","template":"","meta":{"site-sidebar-layout":"default","site-content-layout":"","ast-site-content-layout":"default","site-content-style":"default","site-sidebar-style":"default","ast-global-header-display":"","ast-banner-title-visibility":"","ast-main-header-display":"","ast-hfb-above-header-display":"","ast-hfb-below-header-display":"","ast-hfb-mobile-header-display":"","site-post-title":"","ast-breadcrumbs-content":"","ast-featured-img":"","footer-sml-layout":"","ast-disable-related-posts":"","theme-transparent-header-meta":"","adv-header-id-meta":"","stick-header-meta":"","header-above-stick-meta":"","header-main-stick-meta":"","header-below-stick-meta":"","astra-migrate-meta-layouts":"default","ast-page-background-enabled":"default","ast-page-background-meta":{"desktop":{"background-color":"var(--ast-global-color-5)","background-image":"","background-repeat":"repeat","background-position":"center center","background-size":"auto","background-attachment":"scroll","background-type":"","background-media":"","overlay-type":"","overlay-color":"","overlay-opacity":"","overlay-gradient":""},"tablet":{"background-color":"","background-image":"","background-repeat":"repeat","background-position":"center center","background-size":"auto","background-attachment":"scroll","background-type":"","background-media":"","overlay-type":"","overlay-color":"","overlay-opacity":"","overlay-gradient":""},"mobile":{"background-color":"","background-image":"","background-repeat":"repeat","background-position":"center center","background-size":"auto","background-attachment":"scroll","background-type":"","background-media":"","overlay-type":"","overlay-color":"","overlay-opacity":"","overlay-gradient":""}},"ast-content-background-meta":{"desktop":{"background-color":"var(--ast-global-color-4)","background-image":"","background-repeat":"repeat","background-position":"center center","background-size":"auto","background-attachment":"scroll","background-type":"","background-media":"","overlay-type":"","overlay-color":"","overlay-opacity":"","overlay-gradient":""},"tablet":{"background-color":"var(--ast-global-color-4)","background-image":"","background-repeat":"repeat","background-position":"center center","background-size":"auto","background-attachment":"scroll","background-type":"","background-media":"","overlay-type":"","overlay-color":"","overlay-opacity":"","overlay-gradient":""},"mobile":{"background-color":"var(--ast-global-color-4)","background-image":"","background-repeat":"repeat","background-position":"center center","background-size":"auto","background-attachment":"scroll","background-type":"","background-media":"","overlay-type":"","overlay-color":"","overlay-opacity":"","overlay-gradient":""}}},"product_brand":[],"product_cat":[19],"product_tag":[],"class_list":{"0":"post-249","1":"product","2":"type-product","3":"status-publish","4":"has-post-thumbnail","6":"product_cat-belleza","7":"desktop-align-left","8":"tablet-align-left","9":"mobile-align-left","11":"first","12":"instock","13":"shipping-taxable","14":"purchasable","15":"product-type-simple"},"_links":{"self":[{"href":"https:\/\/importacionesalice.com\/index.php\/wp-json\/wp\/v2\/product\/249","targetHints":{"allow":["GET"]}}],"collection":[{"href":"https:\/\/importacionesalice.com\/index.php\/wp-json\/wp\/v2\/product"}],"about":[{"href":"https:\/\/importacionesalice.com\/index.php\/wp-json\/wp\/v2\/types\/product"}],"replies":[{"embeddable":true,"href":"https:\/\/importacionesalice.com\/index.php\/wp-json\/wp\/v2\/comments?post=249"}],"wp:featuredmedia":[{"embeddable":true,"href":"https:\/\/importacionesalice.com\/index.php\/wp-json\/wp\/v2\/media\/291"}],"wp:attachment":[{"href":"https:\/\/importacionesalice.com\/index.php\/wp-json\/wp\/v2\/media?parent=249"}],"wp:term":[{"taxonomy":"product_brand","embeddable":true,"href":"https:\/\/importacionesalice.com\/index.php\/wp-json\/wp\/v2\/product_brand?post=249"},{"taxonomy":"product_cat","embeddable":true,"href":"https:\/\/importacionesalice.com\/index.php\/wp-json\/wp\/v2\/product_cat?post=249"},{"taxonomy":"product_tag","embeddable":true,"href":"https:\/\/importacionesalice.com\/index.php\/wp-json\/wp\/v2\/product_tag?post=249"}],"curies":[{"name":"wp","href":"https:\/\/api.w.org\/{rel}","templated":true}]}}