{"id":204,"date":"2026-04-16T20:19:15","date_gmt":"2026-04-16T20:19:15","guid":{"rendered":"https:\/\/importacionesalice.com\/?post_type=product&#038;p=204"},"modified":"2026-04-16T20:20:36","modified_gmt":"2026-04-16T20:20:36","slug":"antena-digital-full-hd","status":"publish","type":"product","link":"https:\/\/importacionesalice.com\/index.php\/product\/antena-digital-full-hd\/","title":{"rendered":"Antena digital full hd"},"content":{"rendered":"<p>&#x1f4e1; ANTENA DIGITAL FULL HD &#x1f4f6;<\/p>\n<p>&#x1f449;&#x1f3fb;Es para uso interno o externo compatible con todos los televisores<br \/>\n&#x1f449;&#x1f3fb;Permitir\u00e1 acceder a todos los canales de se\u00f1al abierta en alta definici\u00f3n Full Hd<br \/>\n&#x1f449;&#x1f3fb;Facil de instalar solo se conecta y se escanea los canales<\/p>\n<p>&#x1f4b8; Precio unidad: 9.50<br \/>\n&#x1f4b8; Min 3 unidad: 9.00<\/p>\n","protected":false},"excerpt":{"rendered":"<p>&#x1f4e1; ANTENA DIGITAL FULL HD &#x1f4f6; &#x1f449;&#x1f3fb;Es para uso interno o externo compatible con todos los televisores &#x1f449;&#x1f3fb;Permitir\u00e1 acceder a [&hellip;]<\/p>\n","protected":false},"featured_media":257,"comment_status":"closed","ping_status":"closed","template":"","meta":{"site-sidebar-layout":"default","site-content-layout":"","ast-site-content-layout":"default","site-content-style":"default","site-sidebar-style":"default","ast-global-header-display":"","ast-banner-title-visibility":"","ast-main-header-display":"","ast-hfb-above-header-display":"","ast-hfb-below-header-display":"","ast-hfb-mobile-header-display":"","site-post-title":"","ast-breadcrumbs-content":"","ast-featured-img":"","footer-sml-layout":"","ast-disable-related-posts":"","theme-transparent-header-meta":"","adv-header-id-meta":"","stick-header-meta":"","header-above-stick-meta":"","header-main-stick-meta":"","header-below-stick-meta":"","astra-migrate-meta-layouts":"default","ast-page-background-enabled":"default","ast-page-background-meta":{"desktop":{"background-color":"var(--ast-global-color-5)","background-image":"","background-repeat":"repeat","background-position":"center center","background-size":"auto","background-attachment":"scroll","background-type":"","background-media":"","overlay-type":"","overlay-color":"","overlay-opacity":"","overlay-gradient":""},"tablet":{"background-color":"","background-image":"","background-repeat":"repeat","background-position":"center center","background-size":"auto","background-attachment":"scroll","background-type":"","background-media":"","overlay-type":"","overlay-color":"","overlay-opacity":"","overlay-gradient":""},"mobile":{"background-color":"","background-image":"","background-repeat":"repeat","background-position":"center center","background-size":"auto","background-attachment":"scroll","background-type":"","background-media":"","overlay-type":"","overlay-color":"","overlay-opacity":"","overlay-gradient":""}},"ast-content-background-meta":{"desktop":{"background-color":"var(--ast-global-color-4)","background-image":"","background-repeat":"repeat","background-position":"center center","background-size":"auto","background-attachment":"scroll","background-type":"","background-media":"","overlay-type":"","overlay-color":"","overlay-opacity":"","overlay-gradient":""},"tablet":{"background-color":"var(--ast-global-color-4)","background-image":"","background-repeat":"repeat","background-position":"center center","background-size":"auto","background-attachment":"scroll","background-type":"","background-media":"","overlay-type":"","overlay-color":"","overlay-opacity":"","overlay-gradient":""},"mobile":{"background-color":"var(--ast-global-color-4)","background-image":"","background-repeat":"repeat","background-position":"center center","background-size":"auto","background-attachment":"scroll","background-type":"","background-media":"","overlay-type":"","overlay-color":"","overlay-opacity":"","overlay-gradient":""}}},"product_brand":[],"product_cat":[17],"product_tag":[],"class_list":{"0":"post-204","1":"product","2":"type-product","3":"status-publish","4":"has-post-thumbnail","6":"product_cat-hogar","7":"desktop-align-left","8":"tablet-align-left","9":"mobile-align-left","11":"first","12":"instock","13":"shipping-taxable","14":"purchasable","15":"product-type-simple"},"_links":{"self":[{"href":"https:\/\/importacionesalice.com\/index.php\/wp-json\/wp\/v2\/product\/204","targetHints":{"allow":["GET"]}}],"collection":[{"href":"https:\/\/importacionesalice.com\/index.php\/wp-json\/wp\/v2\/product"}],"about":[{"href":"https:\/\/importacionesalice.com\/index.php\/wp-json\/wp\/v2\/types\/product"}],"replies":[{"embeddable":true,"href":"https:\/\/importacionesalice.com\/index.php\/wp-json\/wp\/v2\/comments?post=204"}],"wp:featuredmedia":[{"embeddable":true,"href":"https:\/\/importacionesalice.com\/index.php\/wp-json\/wp\/v2\/media\/257"}],"wp:attachment":[{"href":"https:\/\/importacionesalice.com\/index.php\/wp-json\/wp\/v2\/media?parent=204"}],"wp:term":[{"taxonomy":"product_brand","embeddable":true,"href":"https:\/\/importacionesalice.com\/index.php\/wp-json\/wp\/v2\/product_brand?post=204"},{"taxonomy":"product_cat","embeddable":true,"href":"https:\/\/importacionesalice.com\/index.php\/wp-json\/wp\/v2\/product_cat?post=204"},{"taxonomy":"product_tag","embeddable":true,"href":"https:\/\/importacionesalice.com\/index.php\/wp-json\/wp\/v2\/product_tag?post=204"}],"curies":[{"name":"wp","href":"https:\/\/api.w.org\/{rel}","templated":true}]}}