{"id":182,"date":"2026-04-16T20:18:52","date_gmt":"2026-04-16T20:18:52","guid":{"rendered":"https:\/\/importacionesalice.com\/?post_type=product&#038;p=182"},"modified":"2026-04-16T20:19:45","modified_gmt":"2026-04-16T20:19:45","slug":"aspiradora-anti-acaro","status":"publish","type":"product","link":"https:\/\/importacionesalice.com\/index.php\/product\/aspiradora-anti-acaro\/","title":{"rendered":"Aspiradora anti acaro"},"content":{"rendered":"<p>ASPIRADORA ANTI \u00c1CAROS UV &#x1f41c;&#x1f387;*<\/p>\n<p>&#x2705; Dise\u00f1ado para combatir los \u00e1caros del polvo en camas, sof\u00e1s y almohadas.<br \/>\n&#x2705; Es inal\u00e1mbrica, se puede utilizar en cualquier momento y en cualquier lugar.<br \/>\n&#x2705; Con tecnolog\u00eda UV, proporciona un ambiente dom\u00e9stico limpio e higi\u00e9nico.<br \/>\n&#x2705; Potencia: 100W<br \/>\n&#x2705; Capacidad del recipiente: 250ml<\/p>\n","protected":false},"excerpt":{"rendered":"<p>ASPIRADORA ANTI \u00c1CAROS UV &#x1f41c;&#x1f387;* &#x2705; Dise\u00f1ado para combatir los \u00e1caros del polvo en camas, sof\u00e1s y almohadas. &#x2705; Es [&hellip;]<\/p>\n","protected":false},"featured_media":232,"comment_status":"closed","ping_status":"closed","template":"","meta":{"site-sidebar-layout":"default","site-content-layout":"","ast-site-content-layout":"default","site-content-style":"default","site-sidebar-style":"default","ast-global-header-display":"","ast-banner-title-visibility":"","ast-main-header-display":"","ast-hfb-above-header-display":"","ast-hfb-below-header-display":"","ast-hfb-mobile-header-display":"","site-post-title":"","ast-breadcrumbs-content":"","ast-featured-img":"","footer-sml-layout":"","ast-disable-related-posts":"","theme-transparent-header-meta":"","adv-header-id-meta":"","stick-header-meta":"","header-above-stick-meta":"","header-main-stick-meta":"","header-below-stick-meta":"","astra-migrate-meta-layouts":"default","ast-page-background-enabled":"default","ast-page-background-meta":{"desktop":{"background-color":"var(--ast-global-color-5)","background-image":"","background-repeat":"repeat","background-position":"center center","background-size":"auto","background-attachment":"scroll","background-type":"","background-media":"","overlay-type":"","overlay-color":"","overlay-opacity":"","overlay-gradient":""},"tablet":{"background-color":"","background-image":"","background-repeat":"repeat","background-position":"center center","background-size":"auto","background-attachment":"scroll","background-type":"","background-media":"","overlay-type":"","overlay-color":"","overlay-opacity":"","overlay-gradient":""},"mobile":{"background-color":"","background-image":"","background-repeat":"repeat","background-position":"center center","background-size":"auto","background-attachment":"scroll","background-type":"","background-media":"","overlay-type":"","overlay-color":"","overlay-opacity":"","overlay-gradient":""}},"ast-content-background-meta":{"desktop":{"background-color":"var(--ast-global-color-4)","background-image":"","background-repeat":"repeat","background-position":"center center","background-size":"auto","background-attachment":"scroll","background-type":"","background-media":"","overlay-type":"","overlay-color":"","overlay-opacity":"","overlay-gradient":""},"tablet":{"background-color":"var(--ast-global-color-4)","background-image":"","background-repeat":"repeat","background-position":"center center","background-size":"auto","background-attachment":"scroll","background-type":"","background-media":"","overlay-type":"","overlay-color":"","overlay-opacity":"","overlay-gradient":""},"mobile":{"background-color":"var(--ast-global-color-4)","background-image":"","background-repeat":"repeat","background-position":"center center","background-size":"auto","background-attachment":"scroll","background-type":"","background-media":"","overlay-type":"","overlay-color":"","overlay-opacity":"","overlay-gradient":""}}},"product_brand":[],"product_cat":[17],"product_tag":[],"class_list":{"0":"post-182","1":"product","2":"type-product","3":"status-publish","4":"has-post-thumbnail","6":"product_cat-hogar","7":"desktop-align-left","8":"tablet-align-left","9":"mobile-align-left","11":"first","12":"instock","13":"shipping-taxable","14":"purchasable","15":"product-type-simple"},"_links":{"self":[{"href":"https:\/\/importacionesalice.com\/index.php\/wp-json\/wp\/v2\/product\/182","targetHints":{"allow":["GET"]}}],"collection":[{"href":"https:\/\/importacionesalice.com\/index.php\/wp-json\/wp\/v2\/product"}],"about":[{"href":"https:\/\/importacionesalice.com\/index.php\/wp-json\/wp\/v2\/types\/product"}],"replies":[{"embeddable":true,"href":"https:\/\/importacionesalice.com\/index.php\/wp-json\/wp\/v2\/comments?post=182"}],"wp:featuredmedia":[{"embeddable":true,"href":"https:\/\/importacionesalice.com\/index.php\/wp-json\/wp\/v2\/media\/232"}],"wp:attachment":[{"href":"https:\/\/importacionesalice.com\/index.php\/wp-json\/wp\/v2\/media?parent=182"}],"wp:term":[{"taxonomy":"product_brand","embeddable":true,"href":"https:\/\/importacionesalice.com\/index.php\/wp-json\/wp\/v2\/product_brand?post=182"},{"taxonomy":"product_cat","embeddable":true,"href":"https:\/\/importacionesalice.com\/index.php\/wp-json\/wp\/v2\/product_cat?post=182"},{"taxonomy":"product_tag","embeddable":true,"href":"https:\/\/importacionesalice.com\/index.php\/wp-json\/wp\/v2\/product_tag?post=182"}],"curies":[{"name":"wp","href":"https:\/\/api.w.org\/{rel}","templated":true}]}}