{"id":147,"date":"2026-04-16T20:18:04","date_gmt":"2026-04-16T20:18:04","guid":{"rendered":"https:\/\/importacionesalice.com\/?post_type=product&#038;p=147"},"modified":"2026-04-16T20:19:08","modified_gmt":"2026-04-16T20:19:08","slug":"garginia-gambogia-absorcion-de-grasa","status":"publish","type":"product","link":"https:\/\/importacionesalice.com\/index.php\/product\/garginia-gambogia-absorcion-de-grasa\/","title":{"rendered":"Garginia gambogia absorci\u00f3n de grasa"},"content":{"rendered":"<p style=\"text-align: center;\">soluci\u00f3n concentrada para quienes buscan un apoyo natural en su plan de control de peso. Su eficacia se basa en el \u00c1cido Hidroxic\u00edtrico (HCA), extra\u00eddo de la corteza del fruto, el cual act\u00faa en puntos clave del metabolismo. Beneficio Principal Mecanismo de Acci\u00f3n \/ Ingredientes Clave Enfoque Espec\u00edfico Control del Apetito El HCA influye en los niveles de serotonina, un neurotransmisor clave en la sensaci\u00f3n de bienestar y saciedad. Reduce la ansiedad y las ganas de \u00abpicotear\u00bb entre comidas, facilitando la adherencia a la dieta. Bloqueo de Grasa Inhibe la enzima citrato liasa, fundamental para la conversi\u00f3n de carbohidratos (az\u00facares) en grasa corporal (lipog\u00e9nesis). Ayuda a reducir la acumulaci\u00f3n de nuevas reservas de grasa (triglic\u00e9ridos y colesterol). Aumento de Energ\u00eda Al desviar la ruta de los carbohidratos, favorece que el cuerpo utilice la grasa acumulada como combustible (oxidaci\u00f3n de grasas). Aumenta la vitalidad y la resistencia, recomendado para ejercicios aer\u00f3bicos. F\u00f3rmula Reforzada (\u00abForte\u00bb) Contiene HCA estandarizado (alto porcentaje, ej. 60% o 95%) m\u00e1s cofactores como Cromo y Calcio para el metabolismo de la glucosa. Asegura la m\u00e1xima potencia y biodisponibilidad para resultados \u00f3ptimos. Modo de Uso y Dosis Sugerida Presentaci\u00f3n Frasco con 100 c\u00e1psulas. Dosis Sugerida 2 a 3 c\u00e1psulas al d\u00eda (siguiendo la etiqueta del producto para la dosis exacta de HCA). Forma de Consumo Ingerir con agua, 30 a 60 minutos antes de las comidas principales (desayuno, almuerzo y cena) para aprovechar su efecto saciante.<\/p>\n","protected":false},"excerpt":{"rendered":"<p>soluci\u00f3n concentrada para quienes buscan un apoyo natural en su plan de control de peso. Su eficacia se basa en [&hellip;]<\/p>\n","protected":false},"featured_media":194,"comment_status":"closed","ping_status":"closed","template":"","meta":{"site-sidebar-layout":"default","site-content-layout":"","ast-site-content-layout":"default","site-content-style":"default","site-sidebar-style":"default","ast-global-header-display":"","ast-banner-title-visibility":"","ast-main-header-display":"","ast-hfb-above-header-display":"","ast-hfb-below-header-display":"","ast-hfb-mobile-header-display":"","site-post-title":"","ast-breadcrumbs-content":"","ast-featured-img":"","footer-sml-layout":"","ast-disable-related-posts":"","theme-transparent-header-meta":"","adv-header-id-meta":"","stick-header-meta":"","header-above-stick-meta":"","header-main-stick-meta":"","header-below-stick-meta":"","astra-migrate-meta-layouts":"default","ast-page-background-enabled":"default","ast-page-background-meta":{"desktop":{"background-color":"var(--ast-global-color-5)","background-image":"","background-repeat":"repeat","background-position":"center center","background-size":"auto","background-attachment":"scroll","background-type":"","background-media":"","overlay-type":"","overlay-color":"","overlay-opacity":"","overlay-gradient":""},"tablet":{"background-color":"","background-image":"","background-repeat":"repeat","background-position":"center center","background-size":"auto","background-attachment":"scroll","background-type":"","background-media":"","overlay-type":"","overlay-color":"","overlay-opacity":"","overlay-gradient":""},"mobile":{"background-color":"","background-image":"","background-repeat":"repeat","background-position":"center center","background-size":"auto","background-attachment":"scroll","background-type":"","background-media":"","overlay-type":"","overlay-color":"","overlay-opacity":"","overlay-gradient":""}},"ast-content-background-meta":{"desktop":{"background-color":"var(--ast-global-color-4)","background-image":"","background-repeat":"repeat","background-position":"center center","background-size":"auto","background-attachment":"scroll","background-type":"","background-media":"","overlay-type":"","overlay-color":"","overlay-opacity":"","overlay-gradient":""},"tablet":{"background-color":"var(--ast-global-color-4)","background-image":"","background-repeat":"repeat","background-position":"center center","background-size":"auto","background-attachment":"scroll","background-type":"","background-media":"","overlay-type":"","overlay-color":"","overlay-opacity":"","overlay-gradient":""},"mobile":{"background-color":"var(--ast-global-color-4)","background-image":"","background-repeat":"repeat","background-position":"center center","background-size":"auto","background-attachment":"scroll","background-type":"","background-media":"","overlay-type":"","overlay-color":"","overlay-opacity":"","overlay-gradient":""}}},"product_brand":[],"product_cat":[17],"product_tag":[],"class_list":{"0":"post-147","1":"product","2":"type-product","3":"status-publish","4":"has-post-thumbnail","6":"product_cat-hogar","7":"desktop-align-left","8":"tablet-align-left","9":"mobile-align-left","11":"first","12":"instock","13":"shipping-taxable","14":"purchasable","15":"product-type-simple"},"_links":{"self":[{"href":"https:\/\/importacionesalice.com\/index.php\/wp-json\/wp\/v2\/product\/147","targetHints":{"allow":["GET"]}}],"collection":[{"href":"https:\/\/importacionesalice.com\/index.php\/wp-json\/wp\/v2\/product"}],"about":[{"href":"https:\/\/importacionesalice.com\/index.php\/wp-json\/wp\/v2\/types\/product"}],"replies":[{"embeddable":true,"href":"https:\/\/importacionesalice.com\/index.php\/wp-json\/wp\/v2\/comments?post=147"}],"wp:featuredmedia":[{"embeddable":true,"href":"https:\/\/importacionesalice.com\/index.php\/wp-json\/wp\/v2\/media\/194"}],"wp:attachment":[{"href":"https:\/\/importacionesalice.com\/index.php\/wp-json\/wp\/v2\/media?parent=147"}],"wp:term":[{"taxonomy":"product_brand","embeddable":true,"href":"https:\/\/importacionesalice.com\/index.php\/wp-json\/wp\/v2\/product_brand?post=147"},{"taxonomy":"product_cat","embeddable":true,"href":"https:\/\/importacionesalice.com\/index.php\/wp-json\/wp\/v2\/product_cat?post=147"},{"taxonomy":"product_tag","embeddable":true,"href":"https:\/\/importacionesalice.com\/index.php\/wp-json\/wp\/v2\/product_tag?post=147"}],"curies":[{"name":"wp","href":"https:\/\/api.w.org\/{rel}","templated":true}]}}